{"id":39,"date":"2015-01-21T10:00:42","date_gmt":"2015-01-21T15:00:42","guid":{"rendered":"http:\/\/www.billtoole.net\/wordpress\/?page_id=39"},"modified":"2021-09-21T21:44:04","modified_gmt":"2021-09-21T12:44:04","slug":"about","status":"publish","type":"page","link":"https:\/\/www.billtoole.net\/wordpress\/about\/","title":{"rendered":"about"},"content":{"rendered":"<p><span style=\"font-size: 12px;\"><span style=\"font-family: arial,helvetica,sans-serif;\"><a href=\"https:\/\/twitter.com\/btoole\" target=\"_blank\" rel=\"nofollow noopener noreferrer\"><img decoding=\"async\" title=\"Bill Toole\" src=\"https:\/\/www.billtoole.net\/wordpress\/wp-content\/uploads\/2020\/09\/portrait_b2.png\" alt=\"bill toole\" \/><\/a> <a href=\"http:\/\/www.imamura.ch\/\" target=\"_blank\" rel=\"nofollow noopener noreferrer\"><img decoding=\"async\" title=\"Etsumi Imamura\" src=\"https:\/\/www.billtoole.net\/wordpress\/wp-content\/uploads\/2020\/09\/portrait_e2.png\" alt=\"etsumi imamura\" \/><\/a> <a href=\"http:\/\/www.padmasambhava.org\/\" target=\"_blank\" rel=\"nofollow noopener noreferrer\"><img decoding=\"async\" title=\"Khenchen Palden Sherab\" src=\"https:\/\/www.billtoole.net\/wordpress\/wp-content\/uploads\/2020\/09\/PaldenSherab_sm.jpg\" alt=\"Khenchen Palden Sherab\" \/><\/a> <a href=\"http:\/\/www.palyul.org\/\" target=\"_blank\" rel=\"nofollow noopener noreferrer\"><img decoding=\"async\" title=\"Penor Rinpoche\" src=\"https:\/\/www.billtoole.net\/wordpress\/wp-content\/uploads\/2020\/09\/prseated.jpg\" alt=\"\" \/><\/a> <a href=\"http:\/\/www.palyul.org\/\" target=\"_blank\" rel=\"nofollow noopener noreferrer\"><img decoding=\"async\" title=\"Yangsi Rinpoche\" src=\"https:\/\/www.billtoole.net\/wordpress\/wp-content\/uploads\/2020\/09\/yangsi.png\" alt=\"\" \/><\/a> <a href=\"http:\/\/www.palyul.org\/\" target=\"_blank\" rel=\"nofollow noopener noreferrer\"><img decoding=\"async\" title=\"Karma Kuchen Rinpoche\" src=\"https:\/\/www.billtoole.net\/wordpress\/wp-content\/uploads\/2020\/09\/hhkkr.jpg\" alt=\"\" \/><\/a> <\/span><\/span><\/p>\n<p><span style=\"font-size: 12px;\"><span style=\"font-family: arial,helvetica,sans-serif;\">I am a sculptor [ BFA NSCAD | MFA Yale ] and a student of HH Penor Rinpoche and now HH Karma Kuchen Rinpoche.\u00a0<\/span><\/span><\/p>\n<ul>\n<li><a href=\"mailto:bill@billtoole.net\" target=\"_blank\" rel=\"noopener noreferrer\">email<\/a><\/li>\n<li><span style=\"font-size: 12px;\"><span style=\"font-family: arial,helvetica,sans-serif;\">tel : +1 613 225 2660<\/span><\/span><\/li>\n<li><span style=\"font-size: 12px;\"><span style=\"font-family: arial,helvetica,sans-serif;\"><a href=\"https:\/\/keys.openpgp.org\/vks\/v1\/by-fingerprint\/D401F96C8E7443D64739B1917AD4B6212F0C15CB\" target=\"_blank\" rel=\"noopener noreferrer\">pgp<\/a> key | \u00a0fingerprint : D401 F96C 8E74 43D6 4739 B191 7AD4 B621 2F0C 15CB<\/span><\/span><\/li>\n<li><span style=\"font-size: 12px;\"><span style=\"font-family: arial,helvetica,sans-serif;\"><a href=\"https:\/\/twitter.com\/btoole\" target=\"_blank\" rel=\"nofollow noopener noreferrer\">twitter<\/a><\/span><\/span><\/li>\n<li><span style=\"color: #afafaf;\">use the address &lt; &gt; for\u00a0 payments of BTC and ETH [ on supported wallets ]<\/span><\/li>\n<\/ul>\n<hr \/>\n<p>&#8220;Thus, it is taught that all phenomena are neither empty nor non-empty. This is due to existence, nonexistence, and again existence. This then accords with the Middle Way.&#8221;<br \/>\nfrom &#8220;Analysis of the Middle and the Extremes&#8221;, from the English translation of the Chinese translation of the Madhy\u0101nta vibh\u0101ga-bh\u0101\u1e63ya from Sanskrit by Xuanzang \u7384\u5958 (602\u2013664).<\/p>\n<hr \/>\n<p>The seven necessities of life : rice, salt, vinegar, soy sauce, oil, tea and wood.\u00a0 \u00a0 |\u00a0 \u00a0 \u958b\u9580\u4e03\u4ef6\u4e8b\uff1a\u67f4\u7c73\u6cb9\u9e7d\u91ac\u918b\u8336\u00a0 \u00a0 |\u00a0 \u00a0 \u00a0[ Sung Dynasty ]<\/p>\n<p>There is still a difference between something and nothing, but it is purely geometrical and there is nothing behind the geometry.\u00a0 \u00a0 | \u00a0 \u00a0Martin Gardner [ 20th century ]<\/p>\n<p>\u201cA consistent anarchist must oppose private ownership of the means of production, and the wage-slavery which is a component of this system, as incompatible with the principle that labor must be freely undertaken and under the control of the producer.\u201d\u00a0 \u00a0 |\u00a0 \u00a0 Noam Chomsky [ 20th century ]<\/p>\n<p>&nbsp;<\/p>\n<p>&nbsp;<\/p>\n","protected":false},"excerpt":{"rendered":"<p>I am a sculptor [ BFA NSCAD | MFA Yale ] and a student of HH Penor Rinpoche and now HH Karma Kuchen Rinpoche.\u00a0 email tel : +1 613 225 2660 pgp key | \u00a0fingerprint : D401 F96C 8E74 43D6 4739 B191 7AD4 B621 2F0C 15CB twitter use the address &lt; &gt; for\u00a0 payments of &hellip;<\/p>\n","protected":false},"author":1,"featured_media":0,"parent":0,"menu_order":2,"comment_status":"closed","ping_status":"closed","template":"","meta":{"footnotes":""},"class_list":["post-39","page","type-page","status-publish","hentry"],"_links":{"self":[{"href":"https:\/\/www.billtoole.net\/wordpress\/wp-json\/wp\/v2\/pages\/39","targetHints":{"allow":["GET"]}}],"collection":[{"href":"https:\/\/www.billtoole.net\/wordpress\/wp-json\/wp\/v2\/pages"}],"about":[{"href":"https:\/\/www.billtoole.net\/wordpress\/wp-json\/wp\/v2\/types\/page"}],"author":[{"embeddable":true,"href":"https:\/\/www.billtoole.net\/wordpress\/wp-json\/wp\/v2\/users\/1"}],"replies":[{"embeddable":true,"href":"https:\/\/www.billtoole.net\/wordpress\/wp-json\/wp\/v2\/comments?post=39"}],"version-history":[{"count":20,"href":"https:\/\/www.billtoole.net\/wordpress\/wp-json\/wp\/v2\/pages\/39\/revisions"}],"predecessor-version":[{"id":6883,"href":"https:\/\/www.billtoole.net\/wordpress\/wp-json\/wp\/v2\/pages\/39\/revisions\/6883"}],"wp:attachment":[{"href":"https:\/\/www.billtoole.net\/wordpress\/wp-json\/wp\/v2\/media?parent=39"}],"curies":[{"name":"wp","href":"https:\/\/api.w.org\/{rel}","templated":true}]}}